{"id":6044,"date":"2022-02-01T21:04:20","date_gmt":"2022-02-01T21:04:20","guid":{"rendered":"https:\/\/cargoairbag.eu\/?page_id=6044"},"modified":"2022-02-01T22:36:02","modified_gmt":"2022-02-01T22:36:02","slug":"susilno-sredstvo","status":"publish","type":"page","link":"https:\/\/cargoairbag.eu\/en\/susilno-sredstvo\/","title":{"rendered":"Su\u0161ilno sredstvo"},"content":{"rendered":"<div data-elementor-type=\"wp-page\" data-elementor-id=\"6044\" class=\"elementor elementor-6044\">\n\t\t\t\t\t\t\t\t\t<section class=\"elementor-section elementor-top-section elementor-element elementor-element-d7bcfe3 elementor-section-boxed elementor-section-height-default elementor-section-height-default\" data-id=\"d7bcfe3\" data-element_type=\"section\">\n\t\t\t\t\t\t<div class=\"elementor-container elementor-column-gap-default\">\n\t\t\t\t\t<div class=\"elementor-column elementor-col-50 elementor-top-column elementor-element elementor-element-0eac4e5\" data-id=\"0eac4e5\" data-element_type=\"column\">\n\t\t\t<div class=\"elementor-widget-wrap elementor-element-populated\">\n\t\t\t\t\t\t\t\t<div class=\"elementor-element elementor-element-e8b0e26 elementor-widget elementor-widget-text-editor\" data-id=\"e8b0e26\" data-element_type=\"widget\" data-widget_type=\"text-editor.default\">\n\t\t\t\t<div class=\"elementor-widget-container\">\n\t\t\t<style>\/*! elementor - v3.15.0 - 20-08-2023 *\/\n.elementor-widget-text-editor.elementor-drop-cap-view-stacked .elementor-drop-cap{background-color:#69727d;color:#fff}.elementor-widget-text-editor.elementor-drop-cap-view-framed .elementor-drop-cap{color:#69727d;border:3px solid;background-color:transparent}.elementor-widget-text-editor:not(.elementor-drop-cap-view-default) .elementor-drop-cap{margin-top:8px}.elementor-widget-text-editor:not(.elementor-drop-cap-view-default) .elementor-drop-cap-letter{width:1em;height:1em}.elementor-widget-text-editor .elementor-drop-cap{float:left;text-align:center;line-height:1;font-size:50px}.elementor-widget-text-editor .elementor-drop-cap-letter{display:inline-block}<\/style>        <div class=\"elementor-text-editor elementor-clearfix\"><p><style>#rpg-6221 .img-slider-item .caption { background-color: #ffffff;  }#rpg-6221 .img-slider-item .figc {color:#ffffff;}#rpg-6221 .rpg-title {  font-size: 18px; }#rpg-6221 { width:100%;}#rpg-6221  p.description { color:#ffffff;font-size:14px; }#rpg-6221  .rpg-title { color:#ffffff; }<\/style>\n\r\n\r\n\r\n\r\n<div id=\"rpg-6221\" class=\"img-slider image-slider\" style=\"margin: 50px auto;\" data-config=\"{&quot;columns&quot;:12,&quot;gutter&quot;:8}\">\r\n\r\n\r\n<style type=\"text\/css\">\r\n    .img-slider-swiper-button-prev {\r\n        position: relative;\r\n        width: auto;\r\n        height: auto;\r\n        padding: 5px 20px !important;\r\n        background: transparent; \r\n        border-radius: 0%; \r\n        background-position: -82px -22px;\r\n        cursor: pointer;\r\n        top: 45%;\r\n        left: 30px;\r\n        margin-top: -25px;\r\n        position: absolute;\r\n        z-index: 110;\r\n    }\r\n\r\n    .img-slider-swiper-button-next {\r\n        position: relative;\r\n        right: 30px;\r\n        left: auto;\r\n        background-position: -81px -99px;\r\n        padding: 5px 20px !important;\r\n        width: auto;\r\n        height: auto;\r\n        background: transparent; \r\n        border-radius: 0%;\r\n        cursor: pointer;\r\n        top: 45%;\r\n        margin-top: -25px;\r\n        position: absolute;\r\n        z-index: 110;\r\n    }\r\n\r\n    .img-slider-swiper-button-next:after, .img-slider-swiper-button-prev:after{\r\n        font-size: 32px; \r\n        font-weight: bold;\r\n        color: #107eb6;  \r\n    }\r\n\r\n    .img-slider-swiper-button-prev:hover,\r\n    .img-slider-swiper-button-next:hover {\r\n        background: #107eb6;\r\n    }\r\n\r\n    .img-slider-boxed-prev:hover .img-slider-swiper-button-prev:after,\r\n    .img-slider-boxed-next:hover .img-slider-swiper-button-next:after{\r\n        color: #fff;\r\n    }\r\n\r\n    .img-slider .swiper-slide img{\r\n      width: 100%;\r\n      height: auto;\r\n    }\r\n\r\n    \/*.img-slider .swiper-container {\r\n      width: 50% !important;\r\n    }*\/\r\n\r\n\r\n   \/* .img-slider .swiper-slide img{\r\n      max-width: 100vw;\r\n      height: 700px;\r\n      \/\/width:1920px;\r\n    }*\/\r\n\r\n<\/style>\r\n<!-- Swiper -->\r\n<div class=\"swiper-container img-slider-swiper-boxed\">\r\n   <div class=\"swiper-wrapper\">\r\n                              \r\n\r\n                        <div class=\"swiper-slide\" style=\"width:100px !important;\"><img decoding=\"async\" src=\"https:\/\/cargoairbag.eu\/wp-content\/uploads\/2022\/02\/nem_alici-1-1.jpg\">\r\n                                                  <\/div>\r\n                        \r\n                              \r\n\r\n                        <div class=\"swiper-slide\" style=\"width:100px !important;\"><img decoding=\"async\" src=\"https:\/\/cargoairbag.eu\/wp-content\/uploads\/2022\/02\/nem_alici-5-1.png\">\r\n                                                  <\/div>\r\n                        \r\n                              \r\n\r\n                        <div class=\"swiper-slide\" style=\"width:100px !important;\"><img decoding=\"async\" src=\"https:\/\/cargoairbag.eu\/wp-content\/uploads\/2022\/02\/nem_alici-2-1.png\">\r\n                                                  <\/div>\r\n                        \r\n        \r\n        <\/div>\r\n          <!-- Add Pagination -->\r\n      <div class=\"swiper-pagination\"><\/div>\r\n          <div style=\"margin-top: 0px;        width: 100%;        display: flex;        align-items: center;        justify-content: center;\">\r\n        <img decoding=\"async\" src=\"https:\/\/cargoairbag.eu\/wp-content\/plugins\/image-slider-slideshow\/assets\/images\/dark.png\" >\r\n     <\/div>\r\n      <!-- Add Arrows -->\r\n              <div class=\"img-slider-boxed-next\">\r\n          <div class=\"img-slider-swiper-button-next\"><\/div>\r\n        <\/div>\r\n        <div class=\"img-slider-boxed-prev\">\r\n            <div class=\"img-slider-swiper-button-prev\"><\/div>\r\n        <\/div>\r\n        <\/div>\r\n  \r\n  <script type=\"text\/javascript\">\r\n     var auto_play = '1';\r\n     var slide_duration = '3000';\r\n\r\n     auto_play = (auto_play==1) ? { delay: slide_duration, disableOnInteraction: false,} : false;\r\n     \r\n     \/*1 Boxed Slider*\/\r\n        var swiper = new Swiper('.img-slider-swiper-boxed', {\r\n              spaceBetween: 30,\r\n              \/\/effect: 'flip',\r\n              effect: 'fade',\/\/for fade effect\r\n              \r\n              centeredSlides: true,\r\n              \r\n              autoHeight: true,\r\n              autoplay: auto_play,\r\n\r\n              pagination: {\r\n                el: '.swiper-pagination',\r\n                clickable: true,\r\n              },\r\n              navigation: {\r\n                nextEl: '.img-slider-swiper-button-next',\r\n                prevEl: '.img-slider-swiper-button-prev',\r\n              },\r\n              keyboard: {\r\n                enabled: true, \/\/for keyboard control\r\n              },\r\n              slidesPerView: 'auto',\r\n            });\r\n\r\n  <\/script><\/div>\r\n\r\n\r\n\r\n\r\n\r\n\t\r\n\r\n<\/p><\/div>\n        \t\t<\/div>\n\t\t\t\t<\/div>\n\t\t\t\t\t<\/div>\n\t\t<\/div>\n\t\t\t\t<div class=\"elementor-column elementor-col-50 elementor-top-column elementor-element elementor-element-362d15a\" data-id=\"362d15a\" data-element_type=\"column\">\n\t\t\t<div class=\"elementor-widget-wrap elementor-element-populated\">\n\t\t\t\t\t\t\t\t<div class=\"elementor-element elementor-element-dfb42e0 elementor-widget elementor-widget-text-editor\" data-id=\"dfb42e0\" data-element_type=\"widget\" data-widget_type=\"text-editor.default\">\n\t\t\t\t<div class=\"elementor-widget-container\">\n\t\t\t        <div class=\"elementor-text-editor elementor-clearfix\"><h5><strong>Su\u0161ilno sredstvo<\/strong><\/h5><ul><li style=\"font-weight: 400;\" aria-level=\"1\"><span style=\"font-weight: 400;\">Pri pomorskem transportu tovora se zaradi visoke vla\u017enosti in temperaturnih razlik med dnevom in no\u010djo vlaga v zraku v zaprtih prostorih, kot so zabojniki, kondenzira in negativno vpliva na izdelke.<\/span><\/li><li style=\"font-weight: 400;\" aria-level=\"1\"><span style=\"font-weight: 400;\">To lahko povzro\u010di \u0161tevilne nepopravljive \u0161kode, kot so plesen v \u017eivilskih izdelkih, rjavenje na kovinskih izdelkih, kratek stik v elektronskih izdelkih, zru\u0161itev v kartonskih embala\u017eah,<\/span><\/li><\/ul><p><b>Advantages<\/b><\/p><ul><li style=\"font-weight: 400;\" aria-level=\"1\"><span style=\"font-weight: 400;\">Inertna struktura, ki ne reagira s kovinami<\/span><\/li><li style=\"font-weight: 400;\" aria-level=\"1\"><span style=\"font-weight: 400;\">Mikroporozna netkana embala\u017ea<\/span><\/li><li style=\"font-weight: 400;\" aria-level=\"1\"><span style=\"font-weight: 400;\">Mo\u017enosti silikagela z indikatorjem, ki zagotavlja spremembo barve<\/span><\/li><li style=\"font-weight: 400;\" aria-level=\"1\"><span style=\"font-weight: 400;\">Delovna zmogljivost v \u0161irokem temperaturnem obmo\u010dju<\/span><\/li><li style=\"font-weight: 400;\" aria-level=\"1\"><span style=\"font-weight: 400;\">Neprimerljiva izbira ob\u010dutljivih sektorjev, kot sta farmacija in elektronika<\/span><\/li><\/ul><\/div>\n        \t\t<\/div>\n\t\t\t\t<\/div>\n\t\t\t\t\t<\/div>\n\t\t<\/div>\n\t\t\t\t\t\t\t<\/div>\n\t\t<\/section>\n\t\t\t\t\t\t\t<\/div>","protected":false},"excerpt":{"rendered":"<p>Su\u0161ilno sredstvo Pri pomorskem transportu tovora se zaradi visoke vla\u017enosti in temperaturnih razlik med dnevom in no\u010djo vlaga v zraku v zaprtih prostorih, kot so zabojniki, kondenzira in negativno vpliva na izdelke. To lahko povzro\u010di \u0161tevilne nepopravljive \u0161kode, kot so plesen v \u017eivilskih izdelkih, rjavenje na kovinskih izdelkih, kratek stik v elektronskih izdelkih, zru\u0161itev v &hellip; <\/p>\n<p class=\"more-link-wrap\"><a href=\"https:\/\/cargoairbag.eu\/en\/susilno-sredstvo\/\" class=\"more-link\"><i class=\"opal-icon-plus\" aria-hidden=\"true\"><\/i><span>Read More<span class=\"screen-reader-text\"> &#8220;Su\u0161ilno sredstvo&#8221;<\/span><\/span><\/a><\/p>","protected":false},"author":1,"featured_media":0,"parent":0,"menu_order":0,"comment_status":"closed","ping_status":"closed","template":"","meta":{"inline_featured_image":false,"footnotes":""},"class_list":["post-6044","page","type-page","status-publish","hentry"],"yoast_head":"<!-- This site is optimized with the Yoast SEO plugin v27.5 - https:\/\/yoast.com\/product\/yoast-seo-wordpress\/ -->\n<title>CargoAirbag | Zra\u010dne blazine &amp; Napihovalci, napihljive vre\u010de<\/title>\n<meta name=\"description\" content=\"Zra\u010dne blazine &amp; Napihovalci, napihljive vre\u010de, Za\u0161\u010ditna ponjava za kontejnerje, Pritrdilni kompleti-embala\u017eni, Za\u0161\u010ditni embala\u017eni materiali\" \/>\n<meta name=\"robots\" content=\"index, follow, max-snippet:-1, max-image-preview:large, max-video-preview:-1\" \/>\n<link rel=\"canonical\" href=\"https:\/\/cargoairbag.eu\/en\/susilno-sredstvo\/\" \/>\n<meta property=\"og:locale\" content=\"en_US\" \/>\n<meta property=\"og:type\" content=\"article\" \/>\n<meta property=\"og:title\" content=\"CargoAirbag | Zra\u010dne blazine &amp; Napihovalci, napihljive vre\u010de\" \/>\n<meta property=\"og:description\" content=\"Zra\u010dne blazine &amp; Napihovalci, napihljive vre\u010de, Za\u0161\u010ditna ponjava za kontejnerje, Pritrdilni kompleti-embala\u017eni, Za\u0161\u010ditni embala\u017eni materiali\" \/>\n<meta property=\"og:url\" content=\"https:\/\/cargoairbag.eu\/en\/susilno-sredstvo\/\" \/>\n<meta property=\"og:site_name\" content=\"CargoAirbag\" \/>\n<meta property=\"article:modified_time\" content=\"2022-02-01T22:36:02+00:00\" \/>\n<meta name=\"twitter:card\" content=\"summary_large_image\" \/>\n<script type=\"application\/ld+json\" class=\"yoast-schema-graph\">{\"@context\":\"https:\\\/\\\/schema.org\",\"@graph\":[{\"@type\":\"WebPage\",\"@id\":\"https:\\\/\\\/cargoairbag.eu\\\/susilno-sredstvo\\\/\",\"url\":\"https:\\\/\\\/cargoairbag.eu\\\/susilno-sredstvo\\\/\",\"name\":\"CargoAirbag | Zra\u010dne blazine & Napihovalci, napihljive vre\u010de\",\"isPartOf\":{\"@id\":\"https:\\\/\\\/cargoairbag.eu\\\/#website\"},\"datePublished\":\"2022-02-01T21:04:20+00:00\",\"dateModified\":\"2022-02-01T22:36:02+00:00\",\"description\":\"Zra\u010dne blazine & Napihovalci, napihljive vre\u010de, Za\u0161\u010ditna ponjava za kontejnerje, Pritrdilni kompleti-embala\u017eni, Za\u0161\u010ditni embala\u017eni materiali\",\"breadcrumb\":{\"@id\":\"https:\\\/\\\/cargoairbag.eu\\\/susilno-sredstvo\\\/#breadcrumb\"},\"inLanguage\":\"en-US\",\"potentialAction\":[{\"@type\":\"ReadAction\",\"target\":[\"https:\\\/\\\/cargoairbag.eu\\\/susilno-sredstvo\\\/\"]}]},{\"@type\":\"BreadcrumbList\",\"@id\":\"https:\\\/\\\/cargoairbag.eu\\\/susilno-sredstvo\\\/#breadcrumb\",\"itemListElement\":[{\"@type\":\"ListItem\",\"position\":1,\"name\":\"Anasayfa\",\"item\":\"https:\\\/\\\/cargoairbag.eu\\\/\"},{\"@type\":\"ListItem\",\"position\":2,\"name\":\"Su\u0161ilno sredstvo\"}]},{\"@type\":\"WebSite\",\"@id\":\"https:\\\/\\\/cargoairbag.eu\\\/#website\",\"url\":\"https:\\\/\\\/cargoairbag.eu\\\/\",\"name\":\"CargoAirbag\",\"description\":\"cargoairbag.eu-Cargo Airbag Slovenia\",\"publisher\":{\"@id\":\"https:\\\/\\\/cargoairbag.eu\\\/#organization\"},\"potentialAction\":[{\"@type\":\"SearchAction\",\"target\":{\"@type\":\"EntryPoint\",\"urlTemplate\":\"https:\\\/\\\/cargoairbag.eu\\\/?s={search_term_string}\"},\"query-input\":{\"@type\":\"PropertyValueSpecification\",\"valueRequired\":true,\"valueName\":\"search_term_string\"}}],\"inLanguage\":\"en-US\"},{\"@type\":\"Organization\",\"@id\":\"https:\\\/\\\/cargoairbag.eu\\\/#organization\",\"name\":\"Cargo Airbag Slovenia\",\"url\":\"https:\\\/\\\/cargoairbag.eu\\\/\",\"logo\":{\"@type\":\"ImageObject\",\"inLanguage\":\"en-US\",\"@id\":\"https:\\\/\\\/cargoairbag.eu\\\/#\\\/schema\\\/logo\\\/image\\\/\",\"url\":\"https:\\\/\\\/cargoairbag.eu\\\/wp-content\\\/uploads\\\/2021\\\/10\\\/cropped-250x250-1.png\",\"contentUrl\":\"https:\\\/\\\/cargoairbag.eu\\\/wp-content\\\/uploads\\\/2021\\\/10\\\/cropped-250x250-1.png\",\"width\":250,\"height\":250,\"caption\":\"Cargo Airbag Slovenia\"},\"image\":{\"@id\":\"https:\\\/\\\/cargoairbag.eu\\\/#\\\/schema\\\/logo\\\/image\\\/\"},\"sameAs\":[\"https:\\\/\\\/www.youtube.com\\\/channel\\\/UCcj0CA-1tIue0p-NFP5wnjw\"]}]}<\/script>\n<!-- \/ Yoast SEO plugin. -->","yoast_head_json":{"title":"CargoAirbag | Zra\u010dne blazine & Napihovalci, napihljive vre\u010de","description":"Zra\u010dne blazine & Napihovalci, napihljive vre\u010de, Za\u0161\u010ditna ponjava za kontejnerje, Pritrdilni kompleti-embala\u017eni, Za\u0161\u010ditni embala\u017eni materiali","robots":{"index":"index","follow":"follow","max-snippet":"max-snippet:-1","max-image-preview":"max-image-preview:large","max-video-preview":"max-video-preview:-1"},"canonical":"https:\/\/cargoairbag.eu\/en\/susilno-sredstvo\/","og_locale":"en_US","og_type":"article","og_title":"CargoAirbag | Zra\u010dne blazine & Napihovalci, napihljive vre\u010de","og_description":"Zra\u010dne blazine & Napihovalci, napihljive vre\u010de, Za\u0161\u010ditna ponjava za kontejnerje, Pritrdilni kompleti-embala\u017eni, Za\u0161\u010ditni embala\u017eni materiali","og_url":"https:\/\/cargoairbag.eu\/en\/susilno-sredstvo\/","og_site_name":"CargoAirbag","article_modified_time":"2022-02-01T22:36:02+00:00","twitter_card":"summary_large_image","schema":{"@context":"https:\/\/schema.org","@graph":[{"@type":"WebPage","@id":"https:\/\/cargoairbag.eu\/susilno-sredstvo\/","url":"https:\/\/cargoairbag.eu\/susilno-sredstvo\/","name":"CargoAirbag | Zra\u010dne blazine & Napihovalci, napihljive vre\u010de","isPartOf":{"@id":"https:\/\/cargoairbag.eu\/#website"},"datePublished":"2022-02-01T21:04:20+00:00","dateModified":"2022-02-01T22:36:02+00:00","description":"Zra\u010dne blazine & Napihovalci, napihljive vre\u010de, Za\u0161\u010ditna ponjava za kontejnerje, Pritrdilni kompleti-embala\u017eni, Za\u0161\u010ditni embala\u017eni materiali","breadcrumb":{"@id":"https:\/\/cargoairbag.eu\/susilno-sredstvo\/#breadcrumb"},"inLanguage":"en-US","potentialAction":[{"@type":"ReadAction","target":["https:\/\/cargoairbag.eu\/susilno-sredstvo\/"]}]},{"@type":"BreadcrumbList","@id":"https:\/\/cargoairbag.eu\/susilno-sredstvo\/#breadcrumb","itemListElement":[{"@type":"ListItem","position":1,"name":"Anasayfa","item":"https:\/\/cargoairbag.eu\/"},{"@type":"ListItem","position":2,"name":"Su\u0161ilno sredstvo"}]},{"@type":"WebSite","@id":"https:\/\/cargoairbag.eu\/#website","url":"https:\/\/cargoairbag.eu\/","name":"CargoAirbag","description":"cargoairbag.eu-Cargo Airbag Slovenia","publisher":{"@id":"https:\/\/cargoairbag.eu\/#organization"},"potentialAction":[{"@type":"SearchAction","target":{"@type":"EntryPoint","urlTemplate":"https:\/\/cargoairbag.eu\/?s={search_term_string}"},"query-input":{"@type":"PropertyValueSpecification","valueRequired":true,"valueName":"search_term_string"}}],"inLanguage":"en-US"},{"@type":"Organization","@id":"https:\/\/cargoairbag.eu\/#organization","name":"Cargo Airbag Slovenia","url":"https:\/\/cargoairbag.eu\/","logo":{"@type":"ImageObject","inLanguage":"en-US","@id":"https:\/\/cargoairbag.eu\/#\/schema\/logo\/image\/","url":"https:\/\/cargoairbag.eu\/wp-content\/uploads\/2021\/10\/cropped-250x250-1.png","contentUrl":"https:\/\/cargoairbag.eu\/wp-content\/uploads\/2021\/10\/cropped-250x250-1.png","width":250,"height":250,"caption":"Cargo Airbag Slovenia"},"image":{"@id":"https:\/\/cargoairbag.eu\/#\/schema\/logo\/image\/"},"sameAs":["https:\/\/www.youtube.com\/channel\/UCcj0CA-1tIue0p-NFP5wnjw"]}]}},"_links":{"self":[{"href":"https:\/\/cargoairbag.eu\/en\/wp-json\/wp\/v2\/pages\/6044","targetHints":{"allow":["GET"]}}],"collection":[{"href":"https:\/\/cargoairbag.eu\/en\/wp-json\/wp\/v2\/pages"}],"about":[{"href":"https:\/\/cargoairbag.eu\/en\/wp-json\/wp\/v2\/types\/page"}],"author":[{"embeddable":true,"href":"https:\/\/cargoairbag.eu\/en\/wp-json\/wp\/v2\/users\/1"}],"replies":[{"embeddable":true,"href":"https:\/\/cargoairbag.eu\/en\/wp-json\/wp\/v2\/comments?post=6044"}],"version-history":[{"count":4,"href":"https:\/\/cargoairbag.eu\/en\/wp-json\/wp\/v2\/pages\/6044\/revisions"}],"predecessor-version":[{"id":6229,"href":"https:\/\/cargoairbag.eu\/en\/wp-json\/wp\/v2\/pages\/6044\/revisions\/6229"}],"wp:attachment":[{"href":"https:\/\/cargoairbag.eu\/en\/wp-json\/wp\/v2\/media?parent=6044"}],"curies":[{"name":"wp","href":"https:\/\/api.w.org\/{rel}","templated":true}]}}