{"id":6042,"date":"2022-02-01T21:03:58","date_gmt":"2022-02-01T21:03:58","guid":{"rendered":"https:\/\/cargoairbag.eu\/?page_id=6042"},"modified":"2022-02-01T22:33:13","modified_gmt":"2022-02-01T22:33:13","slug":"kartonski-vogalniki","status":"publish","type":"page","link":"https:\/\/cargoairbag.eu\/en\/kartonski-vogalniki\/","title":{"rendered":"Cardboard Edge Protector"},"content":{"rendered":"<div data-elementor-type=\"wp-page\" data-elementor-id=\"6042\" class=\"elementor elementor-6042\">\n\t\t\t\t\t\t\t\t\t<section class=\"elementor-section elementor-top-section elementor-element elementor-element-738febb elementor-section-boxed elementor-section-height-default elementor-section-height-default\" data-id=\"738febb\" data-element_type=\"section\">\n\t\t\t\t\t\t<div class=\"elementor-container elementor-column-gap-default\">\n\t\t\t\t\t<div class=\"elementor-column elementor-col-50 elementor-top-column elementor-element elementor-element-6b1535d\" data-id=\"6b1535d\" data-element_type=\"column\">\n\t\t\t<div class=\"elementor-widget-wrap elementor-element-populated\">\n\t\t\t\t\t\t\t\t<div class=\"elementor-element elementor-element-6c7340e elementor-widget elementor-widget-text-editor\" data-id=\"6c7340e\" data-element_type=\"widget\" data-widget_type=\"text-editor.default\">\n\t\t\t\t<div class=\"elementor-widget-container\">\n\t\t\t<style>\/*! elementor - v3.15.0 - 20-08-2023 *\/\n.elementor-widget-text-editor.elementor-drop-cap-view-stacked .elementor-drop-cap{background-color:#69727d;color:#fff}.elementor-widget-text-editor.elementor-drop-cap-view-framed .elementor-drop-cap{color:#69727d;border:3px solid;background-color:transparent}.elementor-widget-text-editor:not(.elementor-drop-cap-view-default) .elementor-drop-cap{margin-top:8px}.elementor-widget-text-editor:not(.elementor-drop-cap-view-default) .elementor-drop-cap-letter{width:1em;height:1em}.elementor-widget-text-editor .elementor-drop-cap{float:left;text-align:center;line-height:1;font-size:50px}.elementor-widget-text-editor .elementor-drop-cap-letter{display:inline-block}<\/style>        <div class=\"elementor-text-editor elementor-clearfix\"><p><style>#rpg-6212 .img-slider-item .caption { background-color: #ffffff;  }#rpg-6212 .img-slider-item .figc {color:#ffffff;}#rpg-6212 .rpg-title {  font-size: 18px; }#rpg-6212 { width:100%;}#rpg-6212  p.description { color:#ffffff;font-size:14px; }#rpg-6212  .rpg-title { color:#ffffff; }<\/style>\n\r\n\r\n\r\n\r\n<div id=\"rpg-6212\" class=\"img-slider image-slider\" style=\"margin: 50px auto;\" data-config=\"{&quot;columns&quot;:12,&quot;gutter&quot;:8}\">\r\n\r\n\r\n<style type=\"text\/css\">\r\n    .img-slider-swiper-button-prev {\r\n        position: relative;\r\n        width: auto;\r\n        height: auto;\r\n        padding: 5px 20px !important;\r\n        background: transparent; \r\n        border-radius: 0%; \r\n        background-position: -82px -22px;\r\n        cursor: pointer;\r\n        top: 45%;\r\n        left: 30px;\r\n        margin-top: -25px;\r\n        position: absolute;\r\n        z-index: 110;\r\n    }\r\n\r\n    .img-slider-swiper-button-next {\r\n        position: relative;\r\n        right: 30px;\r\n        left: auto;\r\n        background-position: -81px -99px;\r\n        padding: 5px 20px !important;\r\n        width: auto;\r\n        height: auto;\r\n        background: transparent; \r\n        border-radius: 0%;\r\n        cursor: pointer;\r\n        top: 45%;\r\n        margin-top: -25px;\r\n        position: absolute;\r\n        z-index: 110;\r\n    }\r\n\r\n    .img-slider-swiper-button-next:after, .img-slider-swiper-button-prev:after{\r\n        font-size: 32px; \r\n        font-weight: bold;\r\n        color: #107eb6;  \r\n    }\r\n\r\n    .img-slider-swiper-button-prev:hover,\r\n    .img-slider-swiper-button-next:hover {\r\n        background: #107eb6;\r\n    }\r\n\r\n    .img-slider-boxed-prev:hover .img-slider-swiper-button-prev:after,\r\n    .img-slider-boxed-next:hover .img-slider-swiper-button-next:after{\r\n        color: #fff;\r\n    }\r\n\r\n    .img-slider .swiper-slide img{\r\n      width: 100%;\r\n      height: auto;\r\n    }\r\n\r\n    \/*.img-slider .swiper-container {\r\n      width: 50% !important;\r\n    }*\/\r\n\r\n\r\n   \/* .img-slider .swiper-slide img{\r\n      max-width: 100vw;\r\n      height: 700px;\r\n      \/\/width:1920px;\r\n    }*\/\r\n\r\n<\/style>\r\n<!-- Swiper -->\r\n<div class=\"swiper-container img-slider-swiper-boxed\">\r\n   <div class=\"swiper-wrapper\">\r\n                              \r\n\r\n                        <div class=\"swiper-slide\" style=\"width:100px !important;\"><img decoding=\"async\" src=\"https:\/\/cargoairbag.eu\/wp-content\/uploads\/2022\/02\/karton_kosebent-1-1.jpg\">\r\n                                                  <\/div>\r\n                        \r\n                              \r\n\r\n                        <div class=\"swiper-slide\" style=\"width:100px !important;\"><img decoding=\"async\" src=\"https:\/\/cargoairbag.eu\/wp-content\/uploads\/2022\/02\/karton_kosebent_koli_ici-1.png\">\r\n                                                  <\/div>\r\n                        \r\n                              \r\n\r\n                        <div class=\"swiper-slide\" style=\"width:100px !important;\"><img decoding=\"async\" src=\"https:\/\/cargoairbag.eu\/wp-content\/uploads\/2022\/02\/karton_kosebent_dikey-1.jpg\">\r\n                                                  <\/div>\r\n                        \r\n                              \r\n\r\n                        <div class=\"swiper-slide\" style=\"width:100px !important;\"><img decoding=\"async\" src=\"https:\/\/cargoairbag.eu\/wp-content\/uploads\/2022\/02\/karton_kosebent_yatay-1.jpg\">\r\n                                                  <\/div>\r\n                        \r\n        \r\n        <\/div>\r\n          <!-- Add Pagination -->\r\n      <div class=\"swiper-pagination\"><\/div>\r\n          <div style=\"margin-top: 0px;        width: 100%;        display: flex;        align-items: center;        justify-content: center;\">\r\n        <img decoding=\"async\" src=\"https:\/\/cargoairbag.eu\/wp-content\/plugins\/image-slider-slideshow\/assets\/images\/dark.png\" >\r\n     <\/div>\r\n      <!-- Add Arrows -->\r\n              <div class=\"img-slider-boxed-next\">\r\n          <div class=\"img-slider-swiper-button-next\"><\/div>\r\n        <\/div>\r\n        <div class=\"img-slider-boxed-prev\">\r\n            <div class=\"img-slider-swiper-button-prev\"><\/div>\r\n        <\/div>\r\n        <\/div>\r\n  \r\n  <script type=\"text\/javascript\">\r\n     var auto_play = '1';\r\n     var slide_duration = '3000';\r\n\r\n     auto_play = (auto_play==1) ? { delay: slide_duration, disableOnInteraction: false,} : false;\r\n     \r\n     \/*1 Boxed Slider*\/\r\n        var swiper = new Swiper('.img-slider-swiper-boxed', {\r\n              spaceBetween: 30,\r\n              \/\/effect: 'flip',\r\n              effect: 'fade',\/\/for fade effect\r\n              \r\n              centeredSlides: true,\r\n              \r\n              autoHeight: true,\r\n              autoplay: auto_play,\r\n\r\n              pagination: {\r\n                el: '.swiper-pagination',\r\n                clickable: true,\r\n              },\r\n              navigation: {\r\n                nextEl: '.img-slider-swiper-button-next',\r\n                prevEl: '.img-slider-swiper-button-prev',\r\n              },\r\n              keyboard: {\r\n                enabled: true, \/\/for keyboard control\r\n              },\r\n              slidesPerView: 'auto',\r\n            });\r\n\r\n  <\/script><\/div>\r\n\r\n\r\n\r\n\r\n\r\n\t\r\n\r\n<\/p><\/div>\n        \t\t<\/div>\n\t\t\t\t<\/div>\n\t\t\t\t\t<\/div>\n\t\t<\/div>\n\t\t\t\t<div class=\"elementor-column elementor-col-50 elementor-top-column elementor-element elementor-element-77c468e\" data-id=\"77c468e\" data-element_type=\"column\">\n\t\t\t<div class=\"elementor-widget-wrap elementor-element-populated\">\n\t\t\t\t\t\t\t\t<div class=\"elementor-element elementor-element-fd6397c elementor-widget elementor-widget-text-editor\" data-id=\"fd6397c\" data-element_type=\"widget\" data-widget_type=\"text-editor.default\">\n\t\t\t\t<div class=\"elementor-widget-container\">\n\t\t\t        <div class=\"elementor-text-editor elementor-clearfix\"><h5><strong>Cardboard Edge Protector<\/strong><\/h5><ul><li style=\"font-weight: 400;\" aria-level=\"1\"><span style=\"font-weight: 400;\">Cardboard edge protector is frequently used to stabilize, <\/span><span style=\"font-weight: 400;\">izdelka<\/span><span style=\"font-weight: 400;\"> reinforce and protect pallet loads during storage and transport.<\/span><\/li><li style=\"font-weight: 400;\" aria-level=\"1\"><span style=\"font-weight: 400;\">It is specially designed to protect the products from external damages. It additionally protects the products against damage that may occur during the strapping.<\/span><\/li><\/ul><p><b>Vertical Usage<\/b><\/p><ul><li style=\"font-weight: 400;\" aria-level=\"1\"><span style=\"font-weight: 400;\">It increases the stability of the pallet and prevents the packaged products from being damaged during loading, transportation and storage.<\/span><\/li><\/ul><p><b>Horizontal Usage<\/b><\/p><ul><li style=\"font-weight: 400;\" aria-level=\"1\"><span style=\"font-weight: 400;\">It prevents the product damage while tensioning the strap during strapping application.<\/span><\/li><\/ul><p><b>Vertical Usage in a Box<\/b><\/p><ul><li style=\"font-weight: 400;\" aria-level=\"1\"><span style=\"font-weight: 400;\">It provides vertical resistance and internal reinforcement to boxes, thus preventing the boxes from scattering and the products from being damaged.<\/span><\/li><\/ul><\/div>\n        \t\t<\/div>\n\t\t\t\t<\/div>\n\t\t\t\t\t<\/div>\n\t\t<\/div>\n\t\t\t\t\t\t\t<\/div>\n\t\t<\/section>\n\t\t\t\t\t\t\t<\/div>","protected":false},"excerpt":{"rendered":"<p>Kartonski vogalniki Kartonski vogalniki \u0161\u010ditijo robove in vogale izdelka pred po\u0161kodbami in preobremenitvami, ki zmanj\u0161ujejo navpi\u010dni trpe\u017enost. Najpomembnej\u0161i namen njegove uporabe je za\u0161\u010dita pakiranega izdelka pred po\u0161kodbami, dokler ne pride do potro\u0161nika. Odli\u010dno zavarujejo robove in vogale zapakiranega blaga in prepre\u010dujejo po\u0161kodovanje va\u0161ega zapakiranega blaga zaradi plitvih trakov, Vertikalna uporaba Pove\u010dajo trpe\u017enost palete in prepre\u010dujejo &hellip; <\/p>\n<p class=\"more-link-wrap\"><a href=\"https:\/\/cargoairbag.eu\/en\/kartonski-vogalniki\/\" class=\"more-link\"><i class=\"opal-icon-plus\" aria-hidden=\"true\"><\/i><span>Read More<span class=\"screen-reader-text\"> &#8220;Kartonski vogalniki&#8221;<\/span><\/span><\/a><\/p>","protected":false},"author":1,"featured_media":0,"parent":0,"menu_order":0,"comment_status":"closed","ping_status":"closed","template":"","meta":{"inline_featured_image":false,"footnotes":""},"class_list":["post-6042","page","type-page","status-publish","hentry"],"yoast_head":"<!-- This site is optimized with the Yoast SEO plugin v27.5 - https:\/\/yoast.com\/product\/yoast-seo-wordpress\/ -->\n<title>CargoAirbag | Zra\u010dne blazine &amp; Napihovalci, napihljive vre\u010de<\/title>\n<meta name=\"description\" content=\"Zra\u010dne blazine &amp; Napihovalci, napihljive vre\u010de, Za\u0161\u010ditna ponjava za kontejnerje, Pritrdilni kompleti-embala\u017eni, Za\u0161\u010ditni embala\u017eni materiali\" \/>\n<meta name=\"robots\" content=\"index, follow, max-snippet:-1, max-image-preview:large, max-video-preview:-1\" \/>\n<link rel=\"canonical\" href=\"https:\/\/cargoairbag.eu\/en\/kartonski-vogalniki\/\" \/>\n<meta property=\"og:locale\" content=\"en_US\" \/>\n<meta property=\"og:type\" content=\"article\" \/>\n<meta property=\"og:title\" content=\"CargoAirbag | Zra\u010dne blazine &amp; Napihovalci, napihljive vre\u010de\" \/>\n<meta property=\"og:description\" content=\"Zra\u010dne blazine &amp; Napihovalci, napihljive vre\u010de, Za\u0161\u010ditna ponjava za kontejnerje, Pritrdilni kompleti-embala\u017eni, Za\u0161\u010ditni embala\u017eni materiali\" \/>\n<meta property=\"og:url\" content=\"https:\/\/cargoairbag.eu\/en\/kartonski-vogalniki\/\" \/>\n<meta property=\"og:site_name\" content=\"CargoAirbag\" \/>\n<meta property=\"article:modified_time\" content=\"2022-02-01T22:33:13+00:00\" \/>\n<meta name=\"twitter:card\" content=\"summary_large_image\" \/>\n<meta name=\"twitter:label1\" content=\"Est. reading time\" \/>\n\t<meta name=\"twitter:data1\" content=\"1 minute\" \/>\n<script type=\"application\/ld+json\" class=\"yoast-schema-graph\">{\"@context\":\"https:\\\/\\\/schema.org\",\"@graph\":[{\"@type\":\"WebPage\",\"@id\":\"https:\\\/\\\/cargoairbag.eu\\\/kartonski-vogalniki\\\/\",\"url\":\"https:\\\/\\\/cargoairbag.eu\\\/kartonski-vogalniki\\\/\",\"name\":\"CargoAirbag | Zra\u010dne blazine & Napihovalci, napihljive vre\u010de\",\"isPartOf\":{\"@id\":\"https:\\\/\\\/cargoairbag.eu\\\/#website\"},\"datePublished\":\"2022-02-01T21:03:58+00:00\",\"dateModified\":\"2022-02-01T22:33:13+00:00\",\"description\":\"Zra\u010dne blazine & Napihovalci, napihljive vre\u010de, Za\u0161\u010ditna ponjava za kontejnerje, Pritrdilni kompleti-embala\u017eni, Za\u0161\u010ditni embala\u017eni materiali\",\"breadcrumb\":{\"@id\":\"https:\\\/\\\/cargoairbag.eu\\\/kartonski-vogalniki\\\/#breadcrumb\"},\"inLanguage\":\"en-US\",\"potentialAction\":[{\"@type\":\"ReadAction\",\"target\":[\"https:\\\/\\\/cargoairbag.eu\\\/kartonski-vogalniki\\\/\"]}]},{\"@type\":\"BreadcrumbList\",\"@id\":\"https:\\\/\\\/cargoairbag.eu\\\/kartonski-vogalniki\\\/#breadcrumb\",\"itemListElement\":[{\"@type\":\"ListItem\",\"position\":1,\"name\":\"Anasayfa\",\"item\":\"https:\\\/\\\/cargoairbag.eu\\\/\"},{\"@type\":\"ListItem\",\"position\":2,\"name\":\"Kartonski vogalniki\"}]},{\"@type\":\"WebSite\",\"@id\":\"https:\\\/\\\/cargoairbag.eu\\\/#website\",\"url\":\"https:\\\/\\\/cargoairbag.eu\\\/\",\"name\":\"CargoAirbag\",\"description\":\"cargoairbag.eu-Cargo Airbag Slovenia\",\"publisher\":{\"@id\":\"https:\\\/\\\/cargoairbag.eu\\\/#organization\"},\"potentialAction\":[{\"@type\":\"SearchAction\",\"target\":{\"@type\":\"EntryPoint\",\"urlTemplate\":\"https:\\\/\\\/cargoairbag.eu\\\/?s={search_term_string}\"},\"query-input\":{\"@type\":\"PropertyValueSpecification\",\"valueRequired\":true,\"valueName\":\"search_term_string\"}}],\"inLanguage\":\"en-US\"},{\"@type\":\"Organization\",\"@id\":\"https:\\\/\\\/cargoairbag.eu\\\/#organization\",\"name\":\"Cargo Airbag Slovenia\",\"url\":\"https:\\\/\\\/cargoairbag.eu\\\/\",\"logo\":{\"@type\":\"ImageObject\",\"inLanguage\":\"en-US\",\"@id\":\"https:\\\/\\\/cargoairbag.eu\\\/#\\\/schema\\\/logo\\\/image\\\/\",\"url\":\"https:\\\/\\\/cargoairbag.eu\\\/wp-content\\\/uploads\\\/2021\\\/10\\\/cropped-250x250-1.png\",\"contentUrl\":\"https:\\\/\\\/cargoairbag.eu\\\/wp-content\\\/uploads\\\/2021\\\/10\\\/cropped-250x250-1.png\",\"width\":250,\"height\":250,\"caption\":\"Cargo Airbag Slovenia\"},\"image\":{\"@id\":\"https:\\\/\\\/cargoairbag.eu\\\/#\\\/schema\\\/logo\\\/image\\\/\"},\"sameAs\":[\"https:\\\/\\\/www.youtube.com\\\/channel\\\/UCcj0CA-1tIue0p-NFP5wnjw\"]}]}<\/script>\n<!-- \/ Yoast SEO plugin. -->","yoast_head_json":{"title":"CargoAirbag | Zra\u010dne blazine & Napihovalci, napihljive vre\u010de","description":"Zra\u010dne blazine & Napihovalci, napihljive vre\u010de, Za\u0161\u010ditna ponjava za kontejnerje, Pritrdilni kompleti-embala\u017eni, Za\u0161\u010ditni embala\u017eni materiali","robots":{"index":"index","follow":"follow","max-snippet":"max-snippet:-1","max-image-preview":"max-image-preview:large","max-video-preview":"max-video-preview:-1"},"canonical":"https:\/\/cargoairbag.eu\/en\/kartonski-vogalniki\/","og_locale":"en_US","og_type":"article","og_title":"CargoAirbag | Zra\u010dne blazine & Napihovalci, napihljive vre\u010de","og_description":"Zra\u010dne blazine & Napihovalci, napihljive vre\u010de, Za\u0161\u010ditna ponjava za kontejnerje, Pritrdilni kompleti-embala\u017eni, Za\u0161\u010ditni embala\u017eni materiali","og_url":"https:\/\/cargoairbag.eu\/en\/kartonski-vogalniki\/","og_site_name":"CargoAirbag","article_modified_time":"2022-02-01T22:33:13+00:00","twitter_card":"summary_large_image","twitter_misc":{"Est. reading time":"1 minute"},"schema":{"@context":"https:\/\/schema.org","@graph":[{"@type":"WebPage","@id":"https:\/\/cargoairbag.eu\/kartonski-vogalniki\/","url":"https:\/\/cargoairbag.eu\/kartonski-vogalniki\/","name":"CargoAirbag | Zra\u010dne blazine & Napihovalci, napihljive vre\u010de","isPartOf":{"@id":"https:\/\/cargoairbag.eu\/#website"},"datePublished":"2022-02-01T21:03:58+00:00","dateModified":"2022-02-01T22:33:13+00:00","description":"Zra\u010dne blazine & Napihovalci, napihljive vre\u010de, Za\u0161\u010ditna ponjava za kontejnerje, Pritrdilni kompleti-embala\u017eni, Za\u0161\u010ditni embala\u017eni materiali","breadcrumb":{"@id":"https:\/\/cargoairbag.eu\/kartonski-vogalniki\/#breadcrumb"},"inLanguage":"en-US","potentialAction":[{"@type":"ReadAction","target":["https:\/\/cargoairbag.eu\/kartonski-vogalniki\/"]}]},{"@type":"BreadcrumbList","@id":"https:\/\/cargoairbag.eu\/kartonski-vogalniki\/#breadcrumb","itemListElement":[{"@type":"ListItem","position":1,"name":"Anasayfa","item":"https:\/\/cargoairbag.eu\/"},{"@type":"ListItem","position":2,"name":"Kartonski vogalniki"}]},{"@type":"WebSite","@id":"https:\/\/cargoairbag.eu\/#website","url":"https:\/\/cargoairbag.eu\/","name":"CargoAirbag","description":"cargoairbag.eu-Cargo Airbag Slovenia","publisher":{"@id":"https:\/\/cargoairbag.eu\/#organization"},"potentialAction":[{"@type":"SearchAction","target":{"@type":"EntryPoint","urlTemplate":"https:\/\/cargoairbag.eu\/?s={search_term_string}"},"query-input":{"@type":"PropertyValueSpecification","valueRequired":true,"valueName":"search_term_string"}}],"inLanguage":"en-US"},{"@type":"Organization","@id":"https:\/\/cargoairbag.eu\/#organization","name":"Cargo Airbag Slovenia","url":"https:\/\/cargoairbag.eu\/","logo":{"@type":"ImageObject","inLanguage":"en-US","@id":"https:\/\/cargoairbag.eu\/#\/schema\/logo\/image\/","url":"https:\/\/cargoairbag.eu\/wp-content\/uploads\/2021\/10\/cropped-250x250-1.png","contentUrl":"https:\/\/cargoairbag.eu\/wp-content\/uploads\/2021\/10\/cropped-250x250-1.png","width":250,"height":250,"caption":"Cargo Airbag Slovenia"},"image":{"@id":"https:\/\/cargoairbag.eu\/#\/schema\/logo\/image\/"},"sameAs":["https:\/\/www.youtube.com\/channel\/UCcj0CA-1tIue0p-NFP5wnjw"]}]}},"_links":{"self":[{"href":"https:\/\/cargoairbag.eu\/en\/wp-json\/wp\/v2\/pages\/6042","targetHints":{"allow":["GET"]}}],"collection":[{"href":"https:\/\/cargoairbag.eu\/en\/wp-json\/wp\/v2\/pages"}],"about":[{"href":"https:\/\/cargoairbag.eu\/en\/wp-json\/wp\/v2\/types\/page"}],"author":[{"embeddable":true,"href":"https:\/\/cargoairbag.eu\/en\/wp-json\/wp\/v2\/users\/1"}],"replies":[{"embeddable":true,"href":"https:\/\/cargoairbag.eu\/en\/wp-json\/wp\/v2\/comments?post=6042"}],"version-history":[{"count":4,"href":"https:\/\/cargoairbag.eu\/en\/wp-json\/wp\/v2\/pages\/6042\/revisions"}],"predecessor-version":[{"id":6220,"href":"https:\/\/cargoairbag.eu\/en\/wp-json\/wp\/v2\/pages\/6042\/revisions\/6220"}],"wp:attachment":[{"href":"https:\/\/cargoairbag.eu\/en\/wp-json\/wp\/v2\/media?parent=6042"}],"curies":[{"name":"wp","href":"https:\/\/api.w.org\/{rel}","templated":true}]}}