{"id":6036,"date":"2022-02-01T20:29:37","date_gmt":"2022-02-01T20:29:37","guid":{"rendered":"https:\/\/cargoairbag.eu\/?page_id=6036"},"modified":"2022-02-01T21:58:23","modified_gmt":"2022-02-01T21:58:23","slug":"pomozni-izdelki-za-povezovanje","status":"publish","type":"page","link":"https:\/\/cargoairbag.eu\/en\/pomozni-izdelki-za-povezovanje\/","title":{"rendered":"Strap Auxiliary Products"},"content":{"rendered":"<div data-elementor-type=\"wp-page\" data-elementor-id=\"6036\" class=\"elementor elementor-6036\">\n\t\t\t\t\t\t\t\t\t<section class=\"elementor-section elementor-top-section elementor-element elementor-element-5fd6017 elementor-section-boxed elementor-section-height-default elementor-section-height-default\" data-id=\"5fd6017\" data-element_type=\"section\">\n\t\t\t\t\t\t<div class=\"elementor-container elementor-column-gap-default\">\n\t\t\t\t\t<div class=\"elementor-column elementor-col-25 elementor-top-column elementor-element elementor-element-03ba2cf\" data-id=\"03ba2cf\" data-element_type=\"column\">\n\t\t\t<div class=\"elementor-widget-wrap elementor-element-populated\">\n\t\t\t\t\t\t\t\t<div class=\"elementor-element elementor-element-741d865 elementor-invisible elementor-widget elementor-widget-image\" data-id=\"741d865\" data-element_type=\"widget\" data-settings=\"{&quot;_animation&quot;:&quot;slideInUp&quot;}\" data-widget_type=\"image.default\">\n\t\t\t\t<div class=\"elementor-widget-container\">\n\t\t\t<style>\/*! elementor - v3.15.0 - 20-08-2023 *\/\n.elementor-widget-image{text-align:center}.elementor-widget-image a{display:inline-block}.elementor-widget-image a img[src$=\".svg\"]{width:48px}.elementor-widget-image img{vertical-align:middle;display:inline-block}<\/style>\t\t\t\t\t\t\t\t\t<figure class=\"wp-caption\">\n\t\t\t\t\t\t\t\t\t\t\t<a href=\"https:\/\/cargoairbag.eu\/kovinske-sponke-2\/\">\n\t\t\t\t\t\t\t<img loading=\"lazy\" decoding=\"async\" width=\"600\" height=\"400\" src=\"https:\/\/cargoairbag.eu\/wp-content\/uploads\/2022\/02\/metal_toka-1-1024x683.jpg\" class=\"attachment-large size-large wp-image-6096\" alt=\"\" srcset=\"https:\/\/cargoairbag.eu\/wp-content\/uploads\/2022\/02\/metal_toka-1-1024x683.jpg 1024w, https:\/\/cargoairbag.eu\/wp-content\/uploads\/2022\/02\/metal_toka-1-300x200.jpg 300w, https:\/\/cargoairbag.eu\/wp-content\/uploads\/2022\/02\/metal_toka-1-768x512.jpg 768w, https:\/\/cargoairbag.eu\/wp-content\/uploads\/2022\/02\/metal_toka-1-700x467.jpg 700w, https:\/\/cargoairbag.eu\/wp-content\/uploads\/2022\/02\/metal_toka-1-600x400.jpg 600w, https:\/\/cargoairbag.eu\/wp-content\/uploads\/2022\/02\/metal_toka-1.jpg 1200w\" sizes=\"auto, (max-width: 600px) 100vw, 600px\" \/>\t\t\t\t\t\t\t\t<\/a>\n\t\t\t\t\t\t\t\t\t\t\t<figcaption class=\"widget-image-caption wp-caption-text\">Metal Buckle<\/figcaption>\n\t\t\t\t\t\t\t\t\t\t<\/figure>\n\t\t\t\t\t\t\t\t\t<\/div>\n\t\t\t\t<\/div>\n\t\t\t\t\t<\/div>\n\t\t<\/div>\n\t\t\t\t<div class=\"elementor-column elementor-col-25 elementor-top-column elementor-element elementor-element-2451b4a\" data-id=\"2451b4a\" data-element_type=\"column\">\n\t\t\t<div class=\"elementor-widget-wrap elementor-element-populated\">\n\t\t\t\t\t\t\t\t<div class=\"elementor-element elementor-element-64dd3a6 elementor-invisible elementor-widget elementor-widget-image\" data-id=\"64dd3a6\" data-element_type=\"widget\" data-settings=\"{&quot;_animation&quot;:&quot;slideInUp&quot;}\" data-widget_type=\"image.default\">\n\t\t\t\t<div class=\"elementor-widget-container\">\n\t\t\t\t\t\t\t\t\t\t\t\t<figure class=\"wp-caption\">\n\t\t\t\t\t\t\t\t\t\t\t<a href=\"https:\/\/cargoairbag.eu\/plasticne-sponke-2\/\">\n\t\t\t\t\t\t\t<img loading=\"lazy\" decoding=\"async\" width=\"600\" height=\"400\" src=\"https:\/\/cargoairbag.eu\/wp-content\/uploads\/2022\/02\/plastik_toka-1-1024x683.jpg\" class=\"attachment-large size-large wp-image-6093\" alt=\"\" srcset=\"https:\/\/cargoairbag.eu\/wp-content\/uploads\/2022\/02\/plastik_toka-1-1024x683.jpg 1024w, https:\/\/cargoairbag.eu\/wp-content\/uploads\/2022\/02\/plastik_toka-1-300x200.jpg 300w, https:\/\/cargoairbag.eu\/wp-content\/uploads\/2022\/02\/plastik_toka-1-768x512.jpg 768w, https:\/\/cargoairbag.eu\/wp-content\/uploads\/2022\/02\/plastik_toka-1-700x467.jpg 700w, https:\/\/cargoairbag.eu\/wp-content\/uploads\/2022\/02\/plastik_toka-1-600x400.jpg 600w, https:\/\/cargoairbag.eu\/wp-content\/uploads\/2022\/02\/plastik_toka-1.jpg 1200w\" sizes=\"auto, (max-width: 600px) 100vw, 600px\" \/>\t\t\t\t\t\t\t\t<\/a>\n\t\t\t\t\t\t\t\t\t\t\t<figcaption class=\"widget-image-caption wp-caption-text\">Plastic staples<\/figcaption>\n\t\t\t\t\t\t\t\t\t\t<\/figure>\n\t\t\t\t\t\t\t\t\t<\/div>\n\t\t\t\t<\/div>\n\t\t\t\t\t<\/div>\n\t\t<\/div>\n\t\t\t\t<div class=\"elementor-column elementor-col-25 elementor-top-column elementor-element elementor-element-2650a8c\" data-id=\"2650a8c\" data-element_type=\"column\">\n\t\t\t<div class=\"elementor-widget-wrap elementor-element-populated\">\n\t\t\t\t\t\t\t\t<div class=\"elementor-element elementor-element-37debae elementor-invisible elementor-widget elementor-widget-image\" data-id=\"37debae\" data-element_type=\"widget\" data-settings=\"{&quot;_animation&quot;:&quot;slideInUp&quot;}\" data-widget_type=\"image.default\">\n\t\t\t\t<div class=\"elementor-widget-container\">\n\t\t\t\t\t\t\t\t\t\t\t\t<figure class=\"wp-caption\">\n\t\t\t\t\t\t\t\t\t\t\t<a href=\"https:\/\/cargoairbag.eu\/vozicki-za-trak\/\">\n\t\t\t\t\t\t\t<img loading=\"lazy\" decoding=\"async\" width=\"600\" height=\"400\" src=\"https:\/\/cargoairbag.eu\/wp-content\/uploads\/2022\/02\/cember_arabasi_c-80-2-1024x683.png\" class=\"attachment-large size-large wp-image-6090\" alt=\"\" srcset=\"https:\/\/cargoairbag.eu\/wp-content\/uploads\/2022\/02\/cember_arabasi_c-80-2-1024x683.png 1024w, https:\/\/cargoairbag.eu\/wp-content\/uploads\/2022\/02\/cember_arabasi_c-80-2-300x200.png 300w, https:\/\/cargoairbag.eu\/wp-content\/uploads\/2022\/02\/cember_arabasi_c-80-2-768x512.png 768w, https:\/\/cargoairbag.eu\/wp-content\/uploads\/2022\/02\/cember_arabasi_c-80-2-700x467.png 700w, https:\/\/cargoairbag.eu\/wp-content\/uploads\/2022\/02\/cember_arabasi_c-80-2-600x400.png 600w, https:\/\/cargoairbag.eu\/wp-content\/uploads\/2022\/02\/cember_arabasi_c-80-2.png 1200w\" sizes=\"auto, (max-width: 600px) 100vw, 600px\" \/>\t\t\t\t\t\t\t\t<\/a>\n\t\t\t\t\t\t\t\t\t\t\t<figcaption class=\"widget-image-caption wp-caption-text\">Coil Dispenser<\/figcaption>\n\t\t\t\t\t\t\t\t\t\t<\/figure>\n\t\t\t\t\t\t\t\t\t<\/div>\n\t\t\t\t<\/div>\n\t\t\t\t\t<\/div>\n\t\t<\/div>\n\t\t\t\t<div class=\"elementor-column elementor-col-25 elementor-top-column elementor-element elementor-element-dbfd399\" data-id=\"dbfd399\" data-element_type=\"column\">\n\t\t\t<div class=\"elementor-widget-wrap elementor-element-populated\">\n\t\t\t\t\t\t\t\t<div class=\"elementor-element elementor-element-cd402e4 elementor-invisible elementor-widget elementor-widget-image\" data-id=\"cd402e4\" data-element_type=\"widget\" data-settings=\"{&quot;_animation&quot;:&quot;slideInUp&quot;}\" data-widget_type=\"image.default\">\n\t\t\t\t<div class=\"elementor-widget-container\">\n\t\t\t\t\t\t\t\t\t\t\t\t<figure class=\"wp-caption\">\n\t\t\t\t\t\t\t\t\t\t\t<a href=\"https:\/\/cargoairbag.eu\/napenjalci-traku\/\">\n\t\t\t\t\t\t\t<img loading=\"lazy\" decoding=\"async\" width=\"600\" height=\"400\" src=\"https:\/\/cargoairbag.eu\/wp-content\/uploads\/2022\/02\/germe-1-1024x683.jpg\" class=\"attachment-large size-large wp-image-6086\" alt=\"\" srcset=\"https:\/\/cargoairbag.eu\/wp-content\/uploads\/2022\/02\/germe-1-1024x683.jpg 1024w, https:\/\/cargoairbag.eu\/wp-content\/uploads\/2022\/02\/germe-1-300x200.jpg 300w, https:\/\/cargoairbag.eu\/wp-content\/uploads\/2022\/02\/germe-1-768x512.jpg 768w, https:\/\/cargoairbag.eu\/wp-content\/uploads\/2022\/02\/germe-1-700x467.jpg 700w, https:\/\/cargoairbag.eu\/wp-content\/uploads\/2022\/02\/germe-1-600x400.jpg 600w, https:\/\/cargoairbag.eu\/wp-content\/uploads\/2022\/02\/germe-1.jpg 1200w\" sizes=\"auto, (max-width: 600px) 100vw, 600px\" \/>\t\t\t\t\t\t\t\t<\/a>\n\t\t\t\t\t\t\t\t\t\t\t<figcaption class=\"widget-image-caption wp-caption-text\">Manual Strapping Tools<\/figcaption>\n\t\t\t\t\t\t\t\t\t\t<\/figure>\n\t\t\t\t\t\t\t\t\t<\/div>\n\t\t\t\t<\/div>\n\t\t\t\t\t<\/div>\n\t\t<\/div>\n\t\t\t\t\t\t\t<\/div>\n\t\t<\/section>\n\t\t\t\t\t\t\t<\/div>","protected":false},"excerpt":{"rendered":"<p>Kov\u0131nske sponke Plast\u0131\u010dne sponke Voz\u0131\u010dk\u0131 za trak Napenjalc\u0131 traku<\/p>","protected":false},"author":1,"featured_media":0,"parent":0,"menu_order":0,"comment_status":"closed","ping_status":"closed","template":"","meta":{"inline_featured_image":false,"footnotes":""},"class_list":["post-6036","page","type-page","status-publish","hentry"],"yoast_head":"<!-- This site is optimized with the Yoast SEO plugin v27.5 - https:\/\/yoast.com\/product\/yoast-seo-wordpress\/ -->\n<title>CargoAirbag | Zra\u010dne blazine &amp; Napihovalci, napihljive vre\u010de<\/title>\n<meta name=\"description\" content=\"Zra\u010dne blazine &amp; Napihovalci, napihljive vre\u010de, Za\u0161\u010ditna ponjava za kontejnerje, Pritrdilni kompleti-embala\u017eni, Za\u0161\u010ditni embala\u017eni materiali\" \/>\n<meta name=\"robots\" content=\"index, follow, max-snippet:-1, max-image-preview:large, max-video-preview:-1\" \/>\n<link rel=\"canonical\" href=\"https:\/\/cargoairbag.eu\/en\/pomozni-izdelki-za-povezovanje\/\" \/>\n<meta property=\"og:locale\" content=\"en_US\" \/>\n<meta property=\"og:type\" content=\"article\" \/>\n<meta property=\"og:title\" content=\"CargoAirbag | Zra\u010dne blazine &amp; Napihovalci, napihljive vre\u010de\" \/>\n<meta property=\"og:description\" content=\"Zra\u010dne blazine &amp; Napihovalci, napihljive vre\u010de, Za\u0161\u010ditna ponjava za kontejnerje, Pritrdilni kompleti-embala\u017eni, Za\u0161\u010ditni embala\u017eni materiali\" \/>\n<meta property=\"og:url\" content=\"https:\/\/cargoairbag.eu\/en\/pomozni-izdelki-za-povezovanje\/\" \/>\n<meta property=\"og:site_name\" content=\"CargoAirbag\" \/>\n<meta property=\"article:modified_time\" content=\"2022-02-01T21:58:23+00:00\" \/>\n<meta property=\"og:image\" content=\"https:\/\/cargoairbag.eu\/wp-content\/uploads\/2022\/02\/metal_toka-1-1024x683.jpg\" \/>\n<meta name=\"twitter:card\" content=\"summary_large_image\" \/>\n<script type=\"application\/ld+json\" class=\"yoast-schema-graph\">{\"@context\":\"https:\\\/\\\/schema.org\",\"@graph\":[{\"@type\":\"WebPage\",\"@id\":\"https:\\\/\\\/cargoairbag.eu\\\/pomozni-izdelki-za-povezovanje\\\/\",\"url\":\"https:\\\/\\\/cargoairbag.eu\\\/pomozni-izdelki-za-povezovanje\\\/\",\"name\":\"CargoAirbag | Zra\u010dne blazine & Napihovalci, napihljive vre\u010de\",\"isPartOf\":{\"@id\":\"https:\\\/\\\/cargoairbag.eu\\\/#website\"},\"primaryImageOfPage\":{\"@id\":\"https:\\\/\\\/cargoairbag.eu\\\/pomozni-izdelki-za-povezovanje\\\/#primaryimage\"},\"image\":{\"@id\":\"https:\\\/\\\/cargoairbag.eu\\\/pomozni-izdelki-za-povezovanje\\\/#primaryimage\"},\"thumbnailUrl\":\"https:\\\/\\\/cargoairbag.eu\\\/wp-content\\\/uploads\\\/2022\\\/02\\\/metal_toka-1-1024x683.jpg\",\"datePublished\":\"2022-02-01T20:29:37+00:00\",\"dateModified\":\"2022-02-01T21:58:23+00:00\",\"description\":\"Zra\u010dne blazine & Napihovalci, napihljive vre\u010de, Za\u0161\u010ditna ponjava za kontejnerje, Pritrdilni kompleti-embala\u017eni, Za\u0161\u010ditni embala\u017eni materiali\",\"breadcrumb\":{\"@id\":\"https:\\\/\\\/cargoairbag.eu\\\/pomozni-izdelki-za-povezovanje\\\/#breadcrumb\"},\"inLanguage\":\"en-US\",\"potentialAction\":[{\"@type\":\"ReadAction\",\"target\":[\"https:\\\/\\\/cargoairbag.eu\\\/pomozni-izdelki-za-povezovanje\\\/\"]}]},{\"@type\":\"ImageObject\",\"inLanguage\":\"en-US\",\"@id\":\"https:\\\/\\\/cargoairbag.eu\\\/pomozni-izdelki-za-povezovanje\\\/#primaryimage\",\"url\":\"https:\\\/\\\/cargoairbag.eu\\\/wp-content\\\/uploads\\\/2022\\\/02\\\/metal_toka-1-1024x683.jpg\",\"contentUrl\":\"https:\\\/\\\/cargoairbag.eu\\\/wp-content\\\/uploads\\\/2022\\\/02\\\/metal_toka-1-1024x683.jpg\"},{\"@type\":\"BreadcrumbList\",\"@id\":\"https:\\\/\\\/cargoairbag.eu\\\/pomozni-izdelki-za-povezovanje\\\/#breadcrumb\",\"itemListElement\":[{\"@type\":\"ListItem\",\"position\":1,\"name\":\"Anasayfa\",\"item\":\"https:\\\/\\\/cargoairbag.eu\\\/\"},{\"@type\":\"ListItem\",\"position\":2,\"name\":\"Pomo\u017eni izdelki za povezovanje\"}]},{\"@type\":\"WebSite\",\"@id\":\"https:\\\/\\\/cargoairbag.eu\\\/#website\",\"url\":\"https:\\\/\\\/cargoairbag.eu\\\/\",\"name\":\"CargoAirbag\",\"description\":\"cargoairbag.eu-Cargo Airbag Slovenia\",\"publisher\":{\"@id\":\"https:\\\/\\\/cargoairbag.eu\\\/#organization\"},\"potentialAction\":[{\"@type\":\"SearchAction\",\"target\":{\"@type\":\"EntryPoint\",\"urlTemplate\":\"https:\\\/\\\/cargoairbag.eu\\\/?s={search_term_string}\"},\"query-input\":{\"@type\":\"PropertyValueSpecification\",\"valueRequired\":true,\"valueName\":\"search_term_string\"}}],\"inLanguage\":\"en-US\"},{\"@type\":\"Organization\",\"@id\":\"https:\\\/\\\/cargoairbag.eu\\\/#organization\",\"name\":\"Cargo Airbag Slovenia\",\"url\":\"https:\\\/\\\/cargoairbag.eu\\\/\",\"logo\":{\"@type\":\"ImageObject\",\"inLanguage\":\"en-US\",\"@id\":\"https:\\\/\\\/cargoairbag.eu\\\/#\\\/schema\\\/logo\\\/image\\\/\",\"url\":\"https:\\\/\\\/cargoairbag.eu\\\/wp-content\\\/uploads\\\/2021\\\/10\\\/cropped-250x250-1.png\",\"contentUrl\":\"https:\\\/\\\/cargoairbag.eu\\\/wp-content\\\/uploads\\\/2021\\\/10\\\/cropped-250x250-1.png\",\"width\":250,\"height\":250,\"caption\":\"Cargo Airbag Slovenia\"},\"image\":{\"@id\":\"https:\\\/\\\/cargoairbag.eu\\\/#\\\/schema\\\/logo\\\/image\\\/\"},\"sameAs\":[\"https:\\\/\\\/www.youtube.com\\\/channel\\\/UCcj0CA-1tIue0p-NFP5wnjw\"]}]}<\/script>\n<!-- \/ Yoast SEO plugin. -->","yoast_head_json":{"title":"CargoAirbag | Zra\u010dne blazine & Napihovalci, napihljive vre\u010de","description":"Zra\u010dne blazine & Napihovalci, napihljive vre\u010de, Za\u0161\u010ditna ponjava za kontejnerje, Pritrdilni kompleti-embala\u017eni, Za\u0161\u010ditni embala\u017eni materiali","robots":{"index":"index","follow":"follow","max-snippet":"max-snippet:-1","max-image-preview":"max-image-preview:large","max-video-preview":"max-video-preview:-1"},"canonical":"https:\/\/cargoairbag.eu\/en\/pomozni-izdelki-za-povezovanje\/","og_locale":"en_US","og_type":"article","og_title":"CargoAirbag | Zra\u010dne blazine & Napihovalci, napihljive vre\u010de","og_description":"Zra\u010dne blazine & Napihovalci, napihljive vre\u010de, Za\u0161\u010ditna ponjava za kontejnerje, Pritrdilni kompleti-embala\u017eni, Za\u0161\u010ditni embala\u017eni materiali","og_url":"https:\/\/cargoairbag.eu\/en\/pomozni-izdelki-za-povezovanje\/","og_site_name":"CargoAirbag","article_modified_time":"2022-02-01T21:58:23+00:00","og_image":[{"url":"https:\/\/cargoairbag.eu\/wp-content\/uploads\/2022\/02\/metal_toka-1-1024x683.jpg","type":"","width":"","height":""}],"twitter_card":"summary_large_image","schema":{"@context":"https:\/\/schema.org","@graph":[{"@type":"WebPage","@id":"https:\/\/cargoairbag.eu\/pomozni-izdelki-za-povezovanje\/","url":"https:\/\/cargoairbag.eu\/pomozni-izdelki-za-povezovanje\/","name":"CargoAirbag | Zra\u010dne blazine & Napihovalci, napihljive vre\u010de","isPartOf":{"@id":"https:\/\/cargoairbag.eu\/#website"},"primaryImageOfPage":{"@id":"https:\/\/cargoairbag.eu\/pomozni-izdelki-za-povezovanje\/#primaryimage"},"image":{"@id":"https:\/\/cargoairbag.eu\/pomozni-izdelki-za-povezovanje\/#primaryimage"},"thumbnailUrl":"https:\/\/cargoairbag.eu\/wp-content\/uploads\/2022\/02\/metal_toka-1-1024x683.jpg","datePublished":"2022-02-01T20:29:37+00:00","dateModified":"2022-02-01T21:58:23+00:00","description":"Zra\u010dne blazine & Napihovalci, napihljive vre\u010de, Za\u0161\u010ditna ponjava za kontejnerje, Pritrdilni kompleti-embala\u017eni, Za\u0161\u010ditni embala\u017eni materiali","breadcrumb":{"@id":"https:\/\/cargoairbag.eu\/pomozni-izdelki-za-povezovanje\/#breadcrumb"},"inLanguage":"en-US","potentialAction":[{"@type":"ReadAction","target":["https:\/\/cargoairbag.eu\/pomozni-izdelki-za-povezovanje\/"]}]},{"@type":"ImageObject","inLanguage":"en-US","@id":"https:\/\/cargoairbag.eu\/pomozni-izdelki-za-povezovanje\/#primaryimage","url":"https:\/\/cargoairbag.eu\/wp-content\/uploads\/2022\/02\/metal_toka-1-1024x683.jpg","contentUrl":"https:\/\/cargoairbag.eu\/wp-content\/uploads\/2022\/02\/metal_toka-1-1024x683.jpg"},{"@type":"BreadcrumbList","@id":"https:\/\/cargoairbag.eu\/pomozni-izdelki-za-povezovanje\/#breadcrumb","itemListElement":[{"@type":"ListItem","position":1,"name":"Anasayfa","item":"https:\/\/cargoairbag.eu\/"},{"@type":"ListItem","position":2,"name":"Pomo\u017eni izdelki za povezovanje"}]},{"@type":"WebSite","@id":"https:\/\/cargoairbag.eu\/#website","url":"https:\/\/cargoairbag.eu\/","name":"CargoAirbag","description":"cargoairbag.eu-Cargo Airbag Slovenia","publisher":{"@id":"https:\/\/cargoairbag.eu\/#organization"},"potentialAction":[{"@type":"SearchAction","target":{"@type":"EntryPoint","urlTemplate":"https:\/\/cargoairbag.eu\/?s={search_term_string}"},"query-input":{"@type":"PropertyValueSpecification","valueRequired":true,"valueName":"search_term_string"}}],"inLanguage":"en-US"},{"@type":"Organization","@id":"https:\/\/cargoairbag.eu\/#organization","name":"Cargo Airbag Slovenia","url":"https:\/\/cargoairbag.eu\/","logo":{"@type":"ImageObject","inLanguage":"en-US","@id":"https:\/\/cargoairbag.eu\/#\/schema\/logo\/image\/","url":"https:\/\/cargoairbag.eu\/wp-content\/uploads\/2021\/10\/cropped-250x250-1.png","contentUrl":"https:\/\/cargoairbag.eu\/wp-content\/uploads\/2021\/10\/cropped-250x250-1.png","width":250,"height":250,"caption":"Cargo Airbag Slovenia"},"image":{"@id":"https:\/\/cargoairbag.eu\/#\/schema\/logo\/image\/"},"sameAs":["https:\/\/www.youtube.com\/channel\/UCcj0CA-1tIue0p-NFP5wnjw"]}]}},"_links":{"self":[{"href":"https:\/\/cargoairbag.eu\/en\/wp-json\/wp\/v2\/pages\/6036","targetHints":{"allow":["GET"]}}],"collection":[{"href":"https:\/\/cargoairbag.eu\/en\/wp-json\/wp\/v2\/pages"}],"about":[{"href":"https:\/\/cargoairbag.eu\/en\/wp-json\/wp\/v2\/types\/page"}],"author":[{"embeddable":true,"href":"https:\/\/cargoairbag.eu\/en\/wp-json\/wp\/v2\/users\/1"}],"replies":[{"embeddable":true,"href":"https:\/\/cargoairbag.eu\/en\/wp-json\/wp\/v2\/comments?post=6036"}],"version-history":[{"count":7,"href":"https:\/\/cargoairbag.eu\/en\/wp-json\/wp\/v2\/pages\/6036\/revisions"}],"predecessor-version":[{"id":6154,"href":"https:\/\/cargoairbag.eu\/en\/wp-json\/wp\/v2\/pages\/6036\/revisions\/6154"}],"wp:attachment":[{"href":"https:\/\/cargoairbag.eu\/en\/wp-json\/wp\/v2\/media?parent=6036"}],"curies":[{"name":"wp","href":"https:\/\/api.w.org\/{rel}","templated":true}]}}