{"id":5695,"date":"2022-01-30T19:39:04","date_gmt":"2022-01-30T19:39:04","guid":{"rendered":"https:\/\/cargoairbag.eu\/?page_id=5695"},"modified":"2022-02-02T20:46:02","modified_gmt":"2022-02-02T20:46:02","slug":"st23","status":"publish","type":"page","link":"https:\/\/cargoairbag.eu\/en\/st23\/","title":{"rendered":"ST23"},"content":{"rendered":"<div data-elementor-type=\"wp-page\" data-elementor-id=\"5695\" class=\"elementor elementor-5695\">\n\t\t\t\t\t\t\t\t\t<section class=\"elementor-section elementor-top-section elementor-element elementor-element-c86dad7 elementor-section-boxed elementor-section-height-default elementor-section-height-default\" data-id=\"c86dad7\" data-element_type=\"section\">\n\t\t\t\t\t\t<div class=\"elementor-container elementor-column-gap-default\">\n\t\t\t\t\t<div class=\"elementor-column elementor-col-50 elementor-top-column elementor-element elementor-element-1e83abe\" data-id=\"1e83abe\" data-element_type=\"column\">\n\t\t\t<div class=\"elementor-widget-wrap elementor-element-populated\">\n\t\t\t\t\t\t\t\t<div class=\"elementor-element elementor-element-efb0867 elementor-widget elementor-widget-text-editor\" data-id=\"efb0867\" data-element_type=\"widget\" data-widget_type=\"text-editor.default\">\n\t\t\t\t<div class=\"elementor-widget-container\">\n\t\t\t<style>\/*! elementor - v3.15.0 - 20-08-2023 *\/\n.elementor-widget-text-editor.elementor-drop-cap-view-stacked .elementor-drop-cap{background-color:#69727d;color:#fff}.elementor-widget-text-editor.elementor-drop-cap-view-framed .elementor-drop-cap{color:#69727d;border:3px solid;background-color:transparent}.elementor-widget-text-editor:not(.elementor-drop-cap-view-default) .elementor-drop-cap{margin-top:8px}.elementor-widget-text-editor:not(.elementor-drop-cap-view-default) .elementor-drop-cap-letter{width:1em;height:1em}.elementor-widget-text-editor .elementor-drop-cap{float:left;text-align:center;line-height:1;font-size:50px}.elementor-widget-text-editor .elementor-drop-cap-letter{display:inline-block}<\/style>        <div class=\"elementor-text-editor elementor-clearfix\"><p><style>#rpg-5853 .img-slider-item .caption { background-color: #ffffff;  }#rpg-5853 .img-slider-item .figc {color:#ffffff;}#rpg-5853 .rpg-title {  font-size: 18px; }#rpg-5853 { width:100%;}#rpg-5853  p.description { color:#ffffff;font-size:14px; }#rpg-5853  .rpg-title { color:#ffffff; }<\/style>\n\r\n\r\n\r\n\r\n<div id=\"rpg-5853\" class=\"img-slider image-slider\" style=\"margin: 50px auto;\" data-config=\"{&quot;columns&quot;:12,&quot;gutter&quot;:8}\">\r\n\r\n\r\n<style type=\"text\/css\">\r\n    .img-slider-swiper-button-prev {\r\n        position: relative;\r\n        width: auto;\r\n        height: auto;\r\n        padding: 5px 20px !important;\r\n        background: transparent; \r\n        border-radius: 0%; \r\n        background-position: -82px -22px;\r\n        cursor: pointer;\r\n        top: 45%;\r\n        left: 30px;\r\n        margin-top: -25px;\r\n        position: absolute;\r\n        z-index: 110;\r\n    }\r\n\r\n    .img-slider-swiper-button-next {\r\n        position: relative;\r\n        right: 30px;\r\n        left: auto;\r\n        background-position: -81px -99px;\r\n        padding: 5px 20px !important;\r\n        width: auto;\r\n        height: auto;\r\n        background: transparent; \r\n        border-radius: 0%;\r\n        cursor: pointer;\r\n        top: 45%;\r\n        margin-top: -25px;\r\n        position: absolute;\r\n        z-index: 110;\r\n    }\r\n\r\n    .img-slider-swiper-button-next:after, .img-slider-swiper-button-prev:after{\r\n        font-size: 32px; \r\n        font-weight: bold;\r\n        color: #107eb6;  \r\n    }\r\n\r\n    .img-slider-swiper-button-prev:hover,\r\n    .img-slider-swiper-button-next:hover {\r\n        background: #107eb6;\r\n    }\r\n\r\n    .img-slider-boxed-prev:hover .img-slider-swiper-button-prev:after,\r\n    .img-slider-boxed-next:hover .img-slider-swiper-button-next:after{\r\n        color: #fff;\r\n    }\r\n\r\n    .img-slider .swiper-slide img{\r\n      width: 100%;\r\n      height: auto;\r\n    }\r\n\r\n    \/*.img-slider .swiper-container {\r\n      width: 50% !important;\r\n    }*\/\r\n\r\n\r\n   \/* .img-slider .swiper-slide img{\r\n      max-width: 100vw;\r\n      height: 700px;\r\n      \/\/width:1920px;\r\n    }*\/\r\n\r\n<\/style>\r\n<!-- Swiper -->\r\n<div class=\"swiper-container img-slider-swiper-boxed\">\r\n   <div class=\"swiper-wrapper\">\r\n                              \r\n\r\n                        <div class=\"swiper-slide\" style=\"width:100px !important;\"><img decoding=\"async\" src=\"https:\/\/cargoairbag.eu\/wp-content\/uploads\/2022\/01\/ST23-1-1290x800.jpg\">\r\n                                                  <\/div>\r\n                        \r\n                              \r\n\r\n                        <div class=\"swiper-slide\" style=\"width:100px !important;\"><img decoding=\"async\" src=\"https:\/\/cargoairbag.eu\/wp-content\/uploads\/2022\/01\/ST23-2-1290x800.jpg\">\r\n                                                  <\/div>\r\n                        \r\n                              \r\n\r\n                        <div class=\"swiper-slide\" style=\"width:100px !important;\"><img decoding=\"async\" src=\"https:\/\/cargoairbag.eu\/wp-content\/uploads\/2022\/01\/ST23-3-1920x800.jpg\">\r\n                                                  <\/div>\r\n                        \r\n        \r\n        <\/div>\r\n          <!-- Add Pagination -->\r\n      <div class=\"swiper-pagination\"><\/div>\r\n          <div style=\"margin-top: 0px;        width: 100%;        display: flex;        align-items: center;        justify-content: center;\">\r\n        <img decoding=\"async\" src=\"https:\/\/cargoairbag.eu\/wp-content\/plugins\/image-slider-slideshow\/assets\/images\/dark.png\" >\r\n     <\/div>\r\n      <!-- Add Arrows -->\r\n              <div class=\"img-slider-boxed-next\">\r\n          <div class=\"img-slider-swiper-button-next\"><\/div>\r\n        <\/div>\r\n        <div class=\"img-slider-boxed-prev\">\r\n            <div class=\"img-slider-swiper-button-prev\"><\/div>\r\n        <\/div>\r\n        <\/div>\r\n  \r\n  <script type=\"text\/javascript\">\r\n     var auto_play = '1';\r\n     var slide_duration = '3000';\r\n\r\n     auto_play = (auto_play==1) ? { delay: slide_duration, disableOnInteraction: false,} : false;\r\n     \r\n     \/*1 Boxed Slider*\/\r\n        var swiper = new Swiper('.img-slider-swiper-boxed', {\r\n              spaceBetween: 30,\r\n              \/\/effect: 'flip',\r\n              effect: 'fade',\/\/for fade effect\r\n              \r\n              centeredSlides: true,\r\n              \r\n              autoHeight: true,\r\n              autoplay: auto_play,\r\n\r\n              pagination: {\r\n                el: '.swiper-pagination',\r\n                clickable: true,\r\n              },\r\n              navigation: {\r\n                nextEl: '.img-slider-swiper-button-next',\r\n                prevEl: '.img-slider-swiper-button-prev',\r\n              },\r\n              keyboard: {\r\n                enabled: true, \/\/for keyboard control\r\n              },\r\n              slidesPerView: 'auto',\r\n            });\r\n\r\n  <\/script><\/div>\r\n\r\n\r\n\r\n\r\n\r\n\t\r\n\r\n<\/p><\/div>\n        \t\t<\/div>\n\t\t\t\t<\/div>\n\t\t\t\t\t<\/div>\n\t\t<\/div>\n\t\t\t\t<div class=\"elementor-column elementor-col-50 elementor-top-column elementor-element elementor-element-9891ced\" data-id=\"9891ced\" data-element_type=\"column\">\n\t\t\t<div class=\"elementor-widget-wrap elementor-element-populated\">\n\t\t\t\t\t\t\t\t<div class=\"elementor-element elementor-element-c42b7f6 elementor-widget elementor-widget-text-editor\" data-id=\"c42b7f6\" data-element_type=\"widget\" data-widget_type=\"text-editor.default\">\n\t\t\t\t<div class=\"elementor-widget-container\">\n\t\t\t        <div class=\"elementor-text-editor elementor-clearfix\"><h4>ST23<\/h4><p><span style=\"font-weight: 400;\">ST23 is the economical air tool option, providing you best solutions for competitive prices.\u00a0<\/span><\/p><ul><li style=\"font-weight: 400;\" aria-level=\"1\"><span style=\"font-weight: 400;\">Longer life time \u2013 made with strong plastic body.<\/span><\/li><li style=\"font-weight: 400;\" aria-level=\"1\"><span style=\"font-weight: 400;\">Light Weight.<\/span><\/li><li style=\"font-weight: 400;\" aria-level=\"1\"><span style=\"font-weight: 400;\">High inflation speed reduces inflation time and labor costs.<\/span><\/li><li style=\"font-weight: 400;\" aria-level=\"1\"><span style=\"font-weight: 400;\">Easy to inflate and deflate<\/span><\/li><\/ul><\/div>\n        \t\t<\/div>\n\t\t\t\t<\/div>\n\t\t\t\t\t<\/div>\n\t\t<\/div>\n\t\t\t\t\t\t\t<\/div>\n\t\t<\/section>\n\t\t\t\t<section class=\"elementor-section elementor-top-section elementor-element elementor-element-198442e elementor-section-boxed elementor-section-height-default elementor-section-height-default\" data-id=\"198442e\" data-element_type=\"section\">\n\t\t\t\t\t\t<div class=\"elementor-container elementor-column-gap-default\">\n\t\t\t\t\t<div class=\"elementor-column elementor-col-100 elementor-top-column elementor-element elementor-element-841bd86\" data-id=\"841bd86\" data-element_type=\"column\">\n\t\t\t<div class=\"elementor-widget-wrap elementor-element-populated\">\n\t\t\t\t\t\t\t\t<div class=\"elementor-element elementor-element-07413d3 animated-slow elementor-invisible elementor-widget elementor-widget-video\" data-id=\"07413d3\" data-element_type=\"widget\" data-settings=\"{&quot;youtube_url&quot;:&quot;https:\\\/\\\/www.youtube.com\\\/watch?v=DrIXNneu4IU&quot;,&quot;_animation&quot;:&quot;bounceIn&quot;,&quot;video_type&quot;:&quot;youtube&quot;,&quot;controls&quot;:&quot;yes&quot;}\" data-widget_type=\"video.default\">\n\t\t\t\t<div class=\"elementor-widget-container\">\n\t\t\t<style>\/*! elementor - v3.15.0 - 20-08-2023 *\/\n.elementor-widget-video .elementor-widget-container{overflow:hidden;transform:translateZ(0)}.elementor-widget-video .elementor-wrapper{aspect-ratio:var(--video-aspect-ratio)}.elementor-widget-video .elementor-wrapper iframe,.elementor-widget-video .elementor-wrapper video{height:100%;width:100%;display:flex;border:none;background-color:#000}@supports not (aspect-ratio:1\/1){.elementor-widget-video .elementor-wrapper{position:relative;overflow:hidden;height:0;padding-bottom:calc(100% \/ var(--video-aspect-ratio))}.elementor-widget-video .elementor-wrapper iframe,.elementor-widget-video .elementor-wrapper video{position:absolute;top:0;right:0;bottom:0;left:0}}.elementor-widget-video .elementor-open-inline .elementor-custom-embed-image-overlay{position:absolute;top:0;right:0;bottom:0;left:0;background-size:cover;background-position:50%}.elementor-widget-video .elementor-custom-embed-image-overlay{cursor:pointer;text-align:center}.elementor-widget-video .elementor-custom-embed-image-overlay:hover .elementor-custom-embed-play i{opacity:1}.elementor-widget-video .elementor-custom-embed-image-overlay img{display:block;width:100%;aspect-ratio:var(--video-aspect-ratio);-o-object-fit:cover;object-fit:cover;-o-object-position:center center;object-position:center center}@supports not (aspect-ratio:1\/1){.elementor-widget-video .elementor-custom-embed-image-overlay{position:relative;overflow:hidden;height:0;padding-bottom:calc(100% \/ var(--video-aspect-ratio))}.elementor-widget-video .elementor-custom-embed-image-overlay img{position:absolute;top:0;right:0;bottom:0;left:0}}.elementor-widget-video .e-hosted-video .elementor-video{-o-object-fit:cover;object-fit:cover}.e-con-inner>.elementor-widget-video,.e-con>.elementor-widget-video{width:var(--container-widget-width);--flex-grow:var(--container-widget-flex-grow)}<\/style>\t\t<div class=\"elementor-wrapper elementor-open-inline\">\n\t\t\t<div class=\"elementor-video\"><\/div>\t\t<\/div>\n\t\t\t\t<\/div>\n\t\t\t\t<\/div>\n\t\t\t\t\t<\/div>\n\t\t<\/div>\n\t\t\t\t\t\t\t<\/div>\n\t\t<\/section>\n\t\t\t\t\t\t\t<\/div>","protected":false},"excerpt":{"rendered":"<p>ST23 ST23 je ekonomi\u010dno pnevmatsko orodje, ki vam nudi najbolj\u0161e re\u0161itve po konkuren\u010dnih cenah.\u00a0 Dalj\u0161a \u017eivljenjska doba \u2013 vzdr\u017eljivo celotno aluminijasto ohi\u0161je. Lahek aluminij. Visoka hitrost napihovanja skraj\u0161a \u010das napihovanja in zmanj\u0161uje stro\u0161ke dela. Enostavno napihovanje in izpihovanje. https:\/\/www.youtube.com\/watch?v=DrIXNneu4IU<\/p>","protected":false},"author":1,"featured_media":0,"parent":0,"menu_order":0,"comment_status":"closed","ping_status":"closed","template":"","meta":{"inline_featured_image":false,"footnotes":""},"class_list":["post-5695","page","type-page","status-publish","hentry"],"yoast_head":"<!-- This site is optimized with the Yoast SEO plugin v27.5 - https:\/\/yoast.com\/product\/yoast-seo-wordpress\/ -->\n<title>CargoAirbag | Zra\u010dne blazine &amp; Napihovalci, napihljive vre\u010de<\/title>\n<meta name=\"description\" content=\"Zra\u010dne blazine &amp; Napihovalci, napihljive vre\u010de, Za\u0161\u010ditna ponjava za kontejnerje, Pritrdilni kompleti-embala\u017eni, Za\u0161\u010ditni embala\u017eni materiali\" \/>\n<meta name=\"robots\" content=\"index, follow, max-snippet:-1, max-image-preview:large, max-video-preview:-1\" \/>\n<link rel=\"canonical\" href=\"https:\/\/cargoairbag.eu\/en\/st23\/\" \/>\n<meta property=\"og:locale\" content=\"en_US\" \/>\n<meta property=\"og:type\" content=\"article\" \/>\n<meta property=\"og:title\" content=\"CargoAirbag | Zra\u010dne blazine &amp; Napihovalci, napihljive vre\u010de\" \/>\n<meta property=\"og:description\" content=\"Zra\u010dne blazine &amp; Napihovalci, napihljive vre\u010de, Za\u0161\u010ditna ponjava za kontejnerje, Pritrdilni kompleti-embala\u017eni, Za\u0161\u010ditni embala\u017eni materiali\" \/>\n<meta property=\"og:url\" content=\"https:\/\/cargoairbag.eu\/en\/st23\/\" \/>\n<meta property=\"og:site_name\" content=\"CargoAirbag\" \/>\n<meta property=\"article:modified_time\" content=\"2022-02-02T20:46:02+00:00\" \/>\n<meta name=\"twitter:card\" content=\"summary_large_image\" \/>\n<script type=\"application\/ld+json\" class=\"yoast-schema-graph\">{\"@context\":\"https:\\\/\\\/schema.org\",\"@graph\":[{\"@type\":\"WebPage\",\"@id\":\"https:\\\/\\\/cargoairbag.eu\\\/st23\\\/\",\"url\":\"https:\\\/\\\/cargoairbag.eu\\\/st23\\\/\",\"name\":\"CargoAirbag | Zra\u010dne blazine & Napihovalci, napihljive vre\u010de\",\"isPartOf\":{\"@id\":\"https:\\\/\\\/cargoairbag.eu\\\/#website\"},\"datePublished\":\"2022-01-30T19:39:04+00:00\",\"dateModified\":\"2022-02-02T20:46:02+00:00\",\"description\":\"Zra\u010dne blazine & Napihovalci, napihljive vre\u010de, Za\u0161\u010ditna ponjava za kontejnerje, Pritrdilni kompleti-embala\u017eni, Za\u0161\u010ditni embala\u017eni materiali\",\"breadcrumb\":{\"@id\":\"https:\\\/\\\/cargoairbag.eu\\\/st23\\\/#breadcrumb\"},\"inLanguage\":\"en-US\",\"potentialAction\":[{\"@type\":\"ReadAction\",\"target\":[\"https:\\\/\\\/cargoairbag.eu\\\/st23\\\/\"]}]},{\"@type\":\"BreadcrumbList\",\"@id\":\"https:\\\/\\\/cargoairbag.eu\\\/st23\\\/#breadcrumb\",\"itemListElement\":[{\"@type\":\"ListItem\",\"position\":1,\"name\":\"Anasayfa\",\"item\":\"https:\\\/\\\/cargoairbag.eu\\\/\"},{\"@type\":\"ListItem\",\"position\":2,\"name\":\"ST23\"}]},{\"@type\":\"WebSite\",\"@id\":\"https:\\\/\\\/cargoairbag.eu\\\/#website\",\"url\":\"https:\\\/\\\/cargoairbag.eu\\\/\",\"name\":\"CargoAirbag\",\"description\":\"cargoairbag.eu-Cargo Airbag Slovenia\",\"publisher\":{\"@id\":\"https:\\\/\\\/cargoairbag.eu\\\/#organization\"},\"potentialAction\":[{\"@type\":\"SearchAction\",\"target\":{\"@type\":\"EntryPoint\",\"urlTemplate\":\"https:\\\/\\\/cargoairbag.eu\\\/?s={search_term_string}\"},\"query-input\":{\"@type\":\"PropertyValueSpecification\",\"valueRequired\":true,\"valueName\":\"search_term_string\"}}],\"inLanguage\":\"en-US\"},{\"@type\":\"Organization\",\"@id\":\"https:\\\/\\\/cargoairbag.eu\\\/#organization\",\"name\":\"Cargo Airbag Slovenia\",\"url\":\"https:\\\/\\\/cargoairbag.eu\\\/\",\"logo\":{\"@type\":\"ImageObject\",\"inLanguage\":\"en-US\",\"@id\":\"https:\\\/\\\/cargoairbag.eu\\\/#\\\/schema\\\/logo\\\/image\\\/\",\"url\":\"https:\\\/\\\/cargoairbag.eu\\\/wp-content\\\/uploads\\\/2021\\\/10\\\/cropped-250x250-1.png\",\"contentUrl\":\"https:\\\/\\\/cargoairbag.eu\\\/wp-content\\\/uploads\\\/2021\\\/10\\\/cropped-250x250-1.png\",\"width\":250,\"height\":250,\"caption\":\"Cargo Airbag Slovenia\"},\"image\":{\"@id\":\"https:\\\/\\\/cargoairbag.eu\\\/#\\\/schema\\\/logo\\\/image\\\/\"},\"sameAs\":[\"https:\\\/\\\/www.youtube.com\\\/channel\\\/UCcj0CA-1tIue0p-NFP5wnjw\"]}]}<\/script>\n<!-- \/ Yoast SEO plugin. -->","yoast_head_json":{"title":"CargoAirbag | Zra\u010dne blazine & Napihovalci, napihljive vre\u010de","description":"Zra\u010dne blazine & Napihovalci, napihljive vre\u010de, Za\u0161\u010ditna ponjava za kontejnerje, Pritrdilni kompleti-embala\u017eni, Za\u0161\u010ditni embala\u017eni materiali","robots":{"index":"index","follow":"follow","max-snippet":"max-snippet:-1","max-image-preview":"max-image-preview:large","max-video-preview":"max-video-preview:-1"},"canonical":"https:\/\/cargoairbag.eu\/en\/st23\/","og_locale":"en_US","og_type":"article","og_title":"CargoAirbag | Zra\u010dne blazine & Napihovalci, napihljive vre\u010de","og_description":"Zra\u010dne blazine & Napihovalci, napihljive vre\u010de, Za\u0161\u010ditna ponjava za kontejnerje, Pritrdilni kompleti-embala\u017eni, Za\u0161\u010ditni embala\u017eni materiali","og_url":"https:\/\/cargoairbag.eu\/en\/st23\/","og_site_name":"CargoAirbag","article_modified_time":"2022-02-02T20:46:02+00:00","twitter_card":"summary_large_image","schema":{"@context":"https:\/\/schema.org","@graph":[{"@type":"WebPage","@id":"https:\/\/cargoairbag.eu\/st23\/","url":"https:\/\/cargoairbag.eu\/st23\/","name":"CargoAirbag | Zra\u010dne blazine & Napihovalci, napihljive vre\u010de","isPartOf":{"@id":"https:\/\/cargoairbag.eu\/#website"},"datePublished":"2022-01-30T19:39:04+00:00","dateModified":"2022-02-02T20:46:02+00:00","description":"Zra\u010dne blazine & Napihovalci, napihljive vre\u010de, Za\u0161\u010ditna ponjava za kontejnerje, Pritrdilni kompleti-embala\u017eni, Za\u0161\u010ditni embala\u017eni materiali","breadcrumb":{"@id":"https:\/\/cargoairbag.eu\/st23\/#breadcrumb"},"inLanguage":"en-US","potentialAction":[{"@type":"ReadAction","target":["https:\/\/cargoairbag.eu\/st23\/"]}]},{"@type":"BreadcrumbList","@id":"https:\/\/cargoairbag.eu\/st23\/#breadcrumb","itemListElement":[{"@type":"ListItem","position":1,"name":"Anasayfa","item":"https:\/\/cargoairbag.eu\/"},{"@type":"ListItem","position":2,"name":"ST23"}]},{"@type":"WebSite","@id":"https:\/\/cargoairbag.eu\/#website","url":"https:\/\/cargoairbag.eu\/","name":"CargoAirbag","description":"cargoairbag.eu-Cargo Airbag Slovenia","publisher":{"@id":"https:\/\/cargoairbag.eu\/#organization"},"potentialAction":[{"@type":"SearchAction","target":{"@type":"EntryPoint","urlTemplate":"https:\/\/cargoairbag.eu\/?s={search_term_string}"},"query-input":{"@type":"PropertyValueSpecification","valueRequired":true,"valueName":"search_term_string"}}],"inLanguage":"en-US"},{"@type":"Organization","@id":"https:\/\/cargoairbag.eu\/#organization","name":"Cargo Airbag Slovenia","url":"https:\/\/cargoairbag.eu\/","logo":{"@type":"ImageObject","inLanguage":"en-US","@id":"https:\/\/cargoairbag.eu\/#\/schema\/logo\/image\/","url":"https:\/\/cargoairbag.eu\/wp-content\/uploads\/2021\/10\/cropped-250x250-1.png","contentUrl":"https:\/\/cargoairbag.eu\/wp-content\/uploads\/2021\/10\/cropped-250x250-1.png","width":250,"height":250,"caption":"Cargo Airbag Slovenia"},"image":{"@id":"https:\/\/cargoairbag.eu\/#\/schema\/logo\/image\/"},"sameAs":["https:\/\/www.youtube.com\/channel\/UCcj0CA-1tIue0p-NFP5wnjw"]}]}},"_links":{"self":[{"href":"https:\/\/cargoairbag.eu\/en\/wp-json\/wp\/v2\/pages\/5695","targetHints":{"allow":["GET"]}}],"collection":[{"href":"https:\/\/cargoairbag.eu\/en\/wp-json\/wp\/v2\/pages"}],"about":[{"href":"https:\/\/cargoairbag.eu\/en\/wp-json\/wp\/v2\/types\/page"}],"author":[{"embeddable":true,"href":"https:\/\/cargoairbag.eu\/en\/wp-json\/wp\/v2\/users\/1"}],"replies":[{"embeddable":true,"href":"https:\/\/cargoairbag.eu\/en\/wp-json\/wp\/v2\/comments?post=5695"}],"version-history":[{"count":7,"href":"https:\/\/cargoairbag.eu\/en\/wp-json\/wp\/v2\/pages\/5695\/revisions"}],"predecessor-version":[{"id":6536,"href":"https:\/\/cargoairbag.eu\/en\/wp-json\/wp\/v2\/pages\/5695\/revisions\/6536"}],"wp:attachment":[{"href":"https:\/\/cargoairbag.eu\/en\/wp-json\/wp\/v2\/media?parent=5695"}],"curies":[{"name":"wp","href":"https:\/\/api.w.org\/{rel}","templated":true}]}}